{"id":166,"date":"2017-11-10T14:08:51","date_gmt":"2017-11-10T13:08:51","guid":{"rendered":"http:\/\/tag_link_site_url\/mesmerize\/"},"modified":"2023-09-14T15:19:17","modified_gmt":"2023-09-14T13:19:17","slug":"mesmerize","status":"publish","type":"page","link":"http:\/\/www.cefuc.be\/","title":{"rendered":"Front Page"},"content":{"rendered":"<div id=\"about-1\" class=\"about-1 content-section content-section-spacing\" style=\"background-color: #f5fafd;\" data-id=\"about-1\" data-category=\"about\" data-export-id=\"about-1\" data-label=\"About\">\n<div class=\"gridContainer\">\n<div class=\"row text-center\">\n<div class=\"section-title-col\" data-type=\"column\">\n<h2 class=\"\">Le CEFUC, ce n\u2019est pas qu\u2019un bapt\u00eame et des guindailles, c\u2019est<span style=\"font-weight: bold; font-family: Playfair Display, sans-serif; font-style: italic;\"> bien plus que \u00e7a !<\/span><\/h2>\n<p class=\"lead\">Le CEFUC c\u2019est aussi ; des amiti\u00e9s pour la vie, des voyages et d\u2019autres activit\u00e9s en dehors du campus. De plus, notre cercle est le moteur de l\u2019offre d\u2019activit\u00e9s \u00e0 caract\u00e8re festif sur le campus. Pour en savoir plus, n\u2019h\u00e9site pas \u00e0 visiter le reste du site et \u00e0 visionner le Mons Consule !<\/p>\n<\/div>\n<\/div>\n<div class=\"row\">\n<div class=\"bottom-xs center-xs col-xs flexbox image-group-bottom-3-img\"><img decoding=\"async\" class=\"left-img shadow-large-black\" title=\"cropped-affiche-soiree-3.jpg\" src=\"http:\/\/www.cefuc.be\/wp-content\/uploads\/2018\/09\/cropped-affiche-soiree-3.jpg\" alt=\"\" data-size=\"500x300\" \/> <img decoding=\"async\" class=\"center-img shadow-large-black\" title=\"cropped-Sport-3-2.jpg\" src=\"http:\/\/www.cefuc.be\/wp-content\/uploads\/2019\/03\/cropped-Sport-3-2.jpg\" alt=\"\" data-size=\"500x300\" \/> <img decoding=\"async\" class=\"right-img shadow-large-black\" title=\"cropped-affiche-soiree-ouverte-1-1.jpg\" src=\"http:\/\/www.cefuc.be\/wp-content\/uploads\/2019\/03\/cropped-affiche-soiree-ouverte-1-1.jpg\" alt=\"\" data-size=\"500x300\" \/><\/div>\n<\/div>\n<\/div>\n<\/div>\n<div id=\"cta-1\" class=\"cta-blue-section content-section content-section-spacing-medium bg-color1 white-text\" data-id=\"cta--1\" data-category=\"cta\" data-export-id=\"cta-blue-section\" data-label=\"Cta\">\n<div class=\"gridContainer\">\n<div class=\"row middle-xs\">\n<div class=\"col-sm-8 space-bottom-xs\" data-type=\"column\">\n<h2 class=\"\">MONS CONSULE<\/h2>\n<p>\u00a0<\/p>\n<\/div>\n<div class=\"col-sm-4 end-sm\" data-type=\"column\"><a class=\"button color2\" href=\"\/Users\/C\u00e9cile\/Documents\/CEFUC\/INFO\/MC\/MC%2000%202018\/MC%2000%202018%20vf%202%20ok.pdf\" target=\"_blank\" rel=\"noopener\" data-cp-link=\"1\">VISIONNER<\/a><\/div>\n<p>\u00a0<\/p>\n<\/div>\n<\/div>\n<\/div>\n<div id=\"testimonials-5\" class=\"testimonials-5 content-section content-section-spacing\" style=\"background-color: #f5fafd; background-image: none;\" data-id=\"testimonials-5\" data-category=\"testimonials\" data-export-id=\"testimonials-5\" data-label=\"Testimonials\">\n<div class=\"gridContainer\">\n<div class=\"row\">\n<div class=\"section-title-col\" data-type=\"column\">\n<h2 class=\"\">T\u00e9moignages de nos baptis\u00e9s<\/h2>\n<p class=\"lead\">\u2013<\/p>\n<\/div>\n<\/div>\n<div class=\"row spaced-cols content-center-sm\" data-type=\"row\">\n<div class=\"col-sm-4\">\n<div class=\"card y-move bordered\" data-type=\"column\">\n<p>\u00a0<\/p>\n<p class=\"text-center\">Lorsque je suis arriv\u00e9 \u00e0 Mons, je n\u2019avais qu\u2019une ou deux connaissances dans mon option. Le CEFUC m\u2019a \u00e0 la fois apport\u00e9 une bande de potes que je n\u2019oublierai jamais et m\u2019a appris \u00e0 me red\u00e9couvrir, \u00e0 d\u00e9couvrir une personnalit\u00e9 que je ne me soup\u00e7onnais pas<\/p>\n<h6 class=\"end\">Gr\u00e9gory<\/h6>\n<p class=\"small italic\">Baptis\u00e9 en 2015<\/p>\n<\/div>\n<\/div>\n<div class=\"col-sm-4\">\n<div class=\"card y-move bordered\" data-type=\"column\">\n<p>\u00a0<\/p>\n<p class=\"text-center\">Pour moi le CEFUC m\u2019a permis premi\u00e8rement de m\u2019int\u00e9grer d\u00e8s la premi\u00e8re semaine dans une \u00e9cole o\u00f9 je ne connaissais encore personne. De plus, le cercle m\u2019a donn\u00e9 l\u2019opportunit\u00e9 de m\u2019investir en son sein et ainsi de m\u2019\u00e9panouir pleinement dans mes \u00e9tudes. Je sortirai de l\u2019universit\u00e9 non seulement avec un dipl\u00f4me mais avec \u00e9galement des souvenirs exceptionnels. N\u2019h\u00e9sitez plus et lancez-vous !<\/p>\n<h6 class=\"end\">Simon<\/h6>\n<p class=\"small italic\">Baptis\u00e9 en 2016<\/p>\n<\/div>\n<\/div>\n<div class=\"col-sm-4\">\n<div class=\"card y-move bordered\" data-type=\"column\">\n<p>\u00a0<\/p>\n<p class=\"text-center\">J\u2019ai appris le v\u00e9ritable sens de la solidarit\u00e9. J\u2019ai rencontr\u00e9 mes \u00ab meilleurs amis pour la vie \u00bb, on dit souvent qu\u2019on les rencontre aux \u00e9tudes sup\u00e9rieures et c\u2019est une r\u00e9alit\u00e9. J\u2019ai appris un folklore et ai pu l\u2019enseigner \u00e0 mon tour. J\u2019ai aim\u00e9. J\u2019ai v\u00e9cu. J\u2019ai appris\u2026 que ce soit des valeurs, de l\u2019organisation. J\u2019ai fait des rencontres. Beaucoup de rencontres. Cela restera une des meilleures exp\u00e9riences de ma vie.<\/p>\n<h6 class=\"end\">C\u00e9line<\/h6>\n<p class=\"small italic\">Baptis\u00e9e en 2015\u00a0<\/p>\n<\/div>\n<\/div>\n<\/div>\n<\/div>\n<\/div>\n<div id=\"contact-1\" class=\"contact-1 content-section content-section-spacing white-text\" style=\"background-position: top; background-image: url('http:\/\/www.cefuc.be\/wp-content\/uploads\/2018\/09\/Social-1.jpg'); background-size: cover;\" data-parallax-depth=\"20\" data-id=\"contact-1\" data-category=\"contact\" data-export-id=\"contact-1\" data-label=\"Contact\">\n<div class=\"gridContainer\">\n<div class=\"row text-center\">\n<div class=\"section-title-col\" data-type=\"column\">\n<h2 class=\"\">Nous contacter<\/h2>\n<p class=\"lead\">Une question ? Un avis ? Tu veux juste nous faire un petit coucou ou nous dire \u00e0 quel point tu nous aimes ?<\/p>\n<\/div>\n<\/div>\n<div class=\"row text-center\">\n<div class=\"col-xs-12 col-sm-8 col-sm-offset-2 contact-form-wrapper\">\n<div class=\"card large-padding\">\n<div data-content-shortcode=\"mesmerize_contact_form shortcode=&quot;contact-form-7 id=&amp;amp;quot;127&amp;amp;quot; title=&amp;amp;quot;Formulaire de contact 1&amp;amp;quot;&quot;\" data-editable=\"true\">\n<div class=\"wpcf7 no-js\" id=\"wpcf7-f127-o1\" lang=\"fr-FR\" dir=\"ltr\" data-wpcf7-id=\"127\">\n<div class=\"screen-reader-response\"><p role=\"status\" aria-live=\"polite\" aria-atomic=\"true\"><\/p> <ul><\/ul><\/div>\n<form action=\"\/index.php?rest_route=%2Fwp%2Fv2%2Fpages%2F166#wpcf7-f127-o1\" method=\"post\" class=\"wpcf7-form init\" aria-label=\"Formulaire de contact\" novalidate=\"novalidate\" data-status=\"init\">\n<fieldset class=\"hidden-fields-container\"><input type=\"hidden\" name=\"_wpcf7\" value=\"127\" \/><input type=\"hidden\" name=\"_wpcf7_version\" value=\"6.1.4\" \/><input type=\"hidden\" name=\"_wpcf7_locale\" value=\"fr_FR\" \/><input type=\"hidden\" name=\"_wpcf7_unit_tag\" value=\"wpcf7-f127-o1\" \/><input type=\"hidden\" name=\"_wpcf7_container_post\" value=\"0\" \/><input type=\"hidden\" name=\"_wpcf7_posted_data_hash\" value=\"\" \/><input type=\"hidden\" name=\"_wpcf7_recaptcha_response\" value=\"\" \/>\n<\/fieldset>\n<p><label> Votre nom (obligatoire)<br \/>\n<span class=\"wpcf7-form-control-wrap\" data-name=\"your-name\"><input size=\"40\" maxlength=\"400\" class=\"wpcf7-form-control wpcf7-text wpcf7-validates-as-required\" aria-required=\"true\" aria-invalid=\"false\" value=\"\" type=\"text\" name=\"your-name\" \/><\/span> <\/label>\n<\/p>\n<p><label> Votre adresse de messagerie (obligatoire)<br \/>\n<span class=\"wpcf7-form-control-wrap\" data-name=\"your-email\"><input size=\"40\" maxlength=\"400\" class=\"wpcf7-form-control wpcf7-email wpcf7-validates-as-required wpcf7-text wpcf7-validates-as-email\" aria-required=\"true\" aria-invalid=\"false\" value=\"\" type=\"email\" name=\"your-email\" \/><\/span> <\/label>\n<\/p>\n<p><label> Objet<br \/>\n<span class=\"wpcf7-form-control-wrap\" data-name=\"your-subject\"><input size=\"40\" maxlength=\"400\" class=\"wpcf7-form-control wpcf7-text\" aria-invalid=\"false\" value=\"\" type=\"text\" name=\"your-subject\" \/><\/span> <\/label>\n<\/p>\n<p><label> Votre message<br \/>\n<span class=\"wpcf7-form-control-wrap\" data-name=\"your-message\"><textarea cols=\"40\" rows=\"10\" maxlength=\"2000\" class=\"wpcf7-form-control wpcf7-textarea\" aria-invalid=\"false\" name=\"your-message\"><\/textarea><\/span> <\/label>\n<\/p>\n<p><input class=\"wpcf7-form-control wpcf7-submit has-spinner\" type=\"submit\" value=\"Envoyer\" \/>\n<\/p><div class=\"wpcf7-response-output\" aria-hidden=\"true\"><\/div>\n<\/form>\n<\/div>\n<\/div>\n<\/div>\n<\/div>\n<\/div>\n<\/div>\n<\/div>\n\n\n<div data-wp-interactive=\"core\/file\" class=\"wp-block-file\"><object data-wp-bind--hidden=\"!state.hasPdfPreview\" hidden class=\"wp-block-file__embed\" data=\"http:\/\/www.cefuc.be\/wp-content\/uploads\/2023\/09\/MC00_LeCefuc-1.pdf\" type=\"application\/pdf\" style=\"width:100%;height:600px\" aria-label=\"Contenu embarqu\u00e9 Contenu embarqu\u00e9 MC00_LeCefuc..\"><\/object><a href=\"http:\/\/www.cefuc.be\/wp-content\/uploads\/2023\/09\/MC00_LeCefuc-1.pdf\">MC00_LeCefuc<\/a><a href=\"http:\/\/www.cefuc.be\/wp-content\/uploads\/2023\/09\/MC00_LeCefuc-1.pdf\" class=\"wp-block-file__button\" download>VISIONNER<\/a><\/div>\n","protected":false},"excerpt":{"rendered":"<p>Le CEFUC, ce n\u2019est pas qu\u2019un bapt\u00eame et des guindailles, c\u2019est bien plus que \u00e7a ! Le CEFUC c\u2019est aussi ; des amiti\u00e9s pour la vie, des voyages et d\u2019autres activit\u00e9s en dehors du campus. De plus, notre cercle est le moteur de l\u2019offre d\u2019activit\u00e9s \u00e0 caract\u00e8re festif sur le campus. Pour en savoir plus,&hellip; <br \/> <a class=\"read-more\" href=\"http:\/\/www.cefuc.be\/\">Lire la suite<\/a><\/p>\n","protected":false},"author":10005,"featured_media":20809,"parent":0,"menu_order":0,"comment_status":"closed","ping_status":"closed","template":"page-templates\/homepage.php","meta":{"footnotes":""},"class_list":["post-166","page","type-page","status-publish","has-post-thumbnail","hentry"],"_links":{"self":[{"href":"http:\/\/www.cefuc.be\/index.php?rest_route=\/wp\/v2\/pages\/166","targetHints":{"allow":["GET"]}}],"collection":[{"href":"http:\/\/www.cefuc.be\/index.php?rest_route=\/wp\/v2\/pages"}],"about":[{"href":"http:\/\/www.cefuc.be\/index.php?rest_route=\/wp\/v2\/types\/page"}],"author":[{"embeddable":true,"href":"http:\/\/www.cefuc.be\/index.php?rest_route=\/wp\/v2\/users\/10005"}],"replies":[{"embeddable":true,"href":"http:\/\/www.cefuc.be\/index.php?rest_route=%2Fwp%2Fv2%2Fcomments&post=166"}],"version-history":[{"count":28,"href":"http:\/\/www.cefuc.be\/index.php?rest_route=\/wp\/v2\/pages\/166\/revisions"}],"predecessor-version":[{"id":20983,"href":"http:\/\/www.cefuc.be\/index.php?rest_route=\/wp\/v2\/pages\/166\/revisions\/20983"}],"wp:featuredmedia":[{"embeddable":true,"href":"http:\/\/www.cefuc.be\/index.php?rest_route=\/wp\/v2\/media\/20809"}],"wp:attachment":[{"href":"http:\/\/www.cefuc.be\/index.php?rest_route=%2Fwp%2Fv2%2Fmedia&parent=166"}],"curies":[{"name":"wp","href":"https:\/\/api.w.org\/{rel}","templated":true}]}}